{"id":6472,"date":"2017-03-26T21:03:06","date_gmt":"2017-03-26T12:03:06","guid":{"rendered":"http:\/\/riken-magic.com\/espanol\/?page_id=6472"},"modified":"2025-04-11T14:49:05","modified_gmt":"2025-04-11T05:49:05","slug":"show-para-adultos","status":"publish","type":"page","link":"https:\/\/riken-magic.com\/espanol\/show-para-adultos\/","title":{"rendered":"Show para adultos"},"content":{"rendered":"<h3>Sin importar si buscas un show para tu empresa en fin o inicio de a\u00f1o, un cumplea\u00f1os o cualquier otro motivo; Riken har\u00e1 de ese evento un momento memorable que tus invitados disfrutar\u00e1n al m\u00e1ximo<\/h3>\n<p>Tus invitados quedar\u00e1n fascinados despu\u00e9s de presenciar cualquiera de estos paquetes<\/p>\n<p>[hr color=&#8221;red&#8221; width=&#8221;80%&#8221; border_width=&#8221;2&#8243; ]<\/p>\n<h2><img loading=\"lazy\" decoding=\"async\" class=\"alignleft wp-image-293 size-full\" src=\"http:\/\/riken-magic.com\/english\/wp-content\/uploads\/sites\/2\/2013\/11\/cartas.jpg\" alt=\"cartas\" width=\"305\" height=\"311\" srcset=\"https:\/\/riken-magic.com\/espanol\/wp-content\/uploads\/sites\/3\/2013\/11\/cartas.jpg 305w, https:\/\/riken-magic.com\/espanol\/wp-content\/uploads\/sites\/3\/2013\/11\/cartas-294x300.jpg 294w, https:\/\/riken-magic.com\/espanol\/wp-content\/uploads\/sites\/3\/2013\/11\/cartas-50x51.jpg 50w, https:\/\/riken-magic.com\/espanol\/wp-content\/uploads\/sites\/3\/2013\/11\/cartas-588x600.jpg 588w, https:\/\/riken-magic.com\/espanol\/wp-content\/uploads\/sites\/3\/2013\/11\/cartas-441x450.jpg 441w\" sizes=\"auto, (max-width: 305px) 100vw, 305px\" \/>Paquete 1<br \/>Stand-up Show<\/h2>\n<p><span style=\"color: #00ff00;\">\u2713\u00a0<\/span>Duraci\u00f3n: 20 a 60 min. (Dependiendo de las necesidades del evento)<br \/><span style=\"color: #00ff00;\">\u2713\u00a0<\/span>Micr\u00f3fono y audio profesional para que nadie pierda ni un detalle del show<br \/><span style=\"color: #00ff00;\">\u2713\u00a0<\/span>Magia adecuada para audiencias de 10 a 300 personas<br \/><span style=\"color: #00ff00;\">\u2713\u00a0<\/span>Comedia que har\u00e1 re\u00edr hasta a el m\u00e1s serio de tus invitados<br \/><span style=\"color: #00ff00;\">\u2713\u00a0<\/span>Efectos m\u00e1gicos sorprendentes que apantallar\u00e1n a todos tus invitados<\/p>\n<p>[hr color=&#8221;red&#8221; width=&#8221;80%&#8221; border_width=&#8221;2&#8243; ]<\/p>\n<h2>Paquete 2<br \/>Stroll Magic<\/h2>\n<p>En este paquete el mago realiza efectos con peque\u00f1os grupos de 4, 5 personas alrededor de la fiesta a escasos cent\u00edmetros de la vista de los espectadores.<br \/><span style=\"color: #00ff00;\"><img loading=\"lazy\" decoding=\"async\" class=\"alignleft wp-image-296 size-full\" src=\"http:\/\/riken-magic.com\/english\/wp-content\/uploads\/sites\/2\/2013\/11\/riken-in-tokyo-flying-ring.jpg\" alt=\"riken in tokyo flying ring\" width=\"300\" height=\"200\" srcset=\"https:\/\/riken-magic.com\/espanol\/wp-content\/uploads\/sites\/3\/2013\/11\/riken-in-tokyo-flying-ring.jpg 300w, https:\/\/riken-magic.com\/espanol\/wp-content\/uploads\/sites\/3\/2013\/11\/riken-in-tokyo-flying-ring-900x600.jpg 900w, https:\/\/riken-magic.com\/espanol\/wp-content\/uploads\/sites\/3\/2013\/11\/riken-in-tokyo-flying-ring-675x450.jpg 675w, https:\/\/riken-magic.com\/espanol\/wp-content\/uploads\/sites\/3\/2013\/11\/riken-in-tokyo-flying-ring-50x33.jpg 50w\" sizes=\"auto, (max-width: 300px) 100vw, 300px\" \/><\/span><\/p>\n<p><span style=\"color: #00ff00;\">\u2713\u00a0<\/span>Duraci\u00f3n 60 min<br \/><span style=\"color: #00ff00;\">\u2713\u00a0<\/span>Efectos m\u00e1gicos que asombraran a tus invitados<br \/><span style=\"color: #00ff00;\">\u2713\u00a0<\/span>\u201cSouvenirs\u201d magicos para algunos de los invitados como tenedores doblados, cartas firmadas, etc<\/p>\n<p>[hr color=&#8221;red&#8221; width=&#8221;80%&#8221; border_width=&#8221;2&#8243; ]<\/p>\n<p style=\"text-align: right;\"><span style=\"color: #ff9900;\"><strong>\u00a0<\/strong><\/span><\/p>\n<h2><img loading=\"lazy\" decoding=\"async\" class=\"alignleft size-medium wp-image-269\" src=\"http:\/\/riken-magic.com\/english\/wp-content\/uploads\/sites\/2\/2013\/11\/riken-the-illusionist-02-300x200.jpg\" alt=\"riken the illusionist 02\" width=\"300\" height=\"200\" srcset=\"https:\/\/riken-magic.com\/espanol\/wp-content\/uploads\/sites\/3\/2013\/11\/riken-the-illusionist-02-300x200.jpg 300w, https:\/\/riken-magic.com\/espanol\/wp-content\/uploads\/sites\/3\/2013\/11\/riken-the-illusionist-02-900x600.jpg 900w, https:\/\/riken-magic.com\/espanol\/wp-content\/uploads\/sites\/3\/2013\/11\/riken-the-illusionist-02-675x450.jpg 675w, https:\/\/riken-magic.com\/espanol\/wp-content\/uploads\/sites\/3\/2013\/11\/riken-the-illusionist-02-50x33.jpg 50w, https:\/\/riken-magic.com\/espanol\/wp-content\/uploads\/sites\/3\/2013\/11\/riken-the-illusionist-02.jpg 720w\" sizes=\"auto, (max-width: 300px) 100vw, 300px\" \/>Paquete 3<br \/>Una excelente combinaci\u00f3n para los mejores eventos.<\/h2>\n<p><span style=\"color: #00ff00;\">\u2713\u00a0<\/span>Duraci\u00f3n\u00a080 min.<br \/><span style=\"color: #00ff00;\">\u2713\u00a0<\/span>20 min. De Stage magic (paquete 1)<br \/><span style=\"color: #00ff00;\">\u2713\u00a0<\/span>60 min de stroll magic (paquete 2)<\/p>\n<p>[hr color=&#8221;red&#8221; width=&#8221;80%&#8221; border_width=&#8221;2&#8243; ]<\/p>\n<p>\u00a0<\/p>\n<center><iframe loading=\"lazy\" src=\"\/\/www.youtube.com\/embed\/c2vkTpSfqU0?rel=0\" width=\"560\" height=\"315\" frameborder=\"0\" allowfullscreen=\"allowfullscreen\"><\/iframe><br \/><a href=\"http:\/\/riken-magic.com\/english\/videos\" target=\"_blank\" rel=\"noopener noreferrer\">Watch more videos.<\/a><\/center>\n<p><br \/>[hr color=&#8221;red&#8221; width=&#8221;80%&#8221; border_width=&#8221;2&#8243; ]<\/p>\n<p>\u00a0<\/p>\n<h2>Tokyo, Japan<\/h2>\n\n<div class=\"wpcf7 no-js\" id=\"wpcf7-f327-o1\" lang=\"es-ES\" dir=\"ltr\" data-wpcf7-id=\"327\">\n<div class=\"screen-reader-response\"><p role=\"status\" aria-live=\"polite\" aria-atomic=\"true\"><\/p> <ul><\/ul><\/div>\n<form action=\"\/espanol\/wp-json\/wp\/v2\/pages\/6472#wpcf7-f327-o1\" method=\"post\" class=\"wpcf7-form init\" aria-label=\"Contact form\" novalidate=\"novalidate\" data-status=\"init\">\n<fieldset class=\"hidden-fields-container\"><input type=\"hidden\" name=\"_wpcf7\" value=\"327\" \/><input type=\"hidden\" name=\"_wpcf7_version\" value=\"6.1.5\" \/><input type=\"hidden\" name=\"_wpcf7_locale\" value=\"es_ES\" \/><input type=\"hidden\" name=\"_wpcf7_unit_tag\" value=\"wpcf7-f327-o1\" \/><input type=\"hidden\" name=\"_wpcf7_container_post\" value=\"0\" \/><input type=\"hidden\" name=\"_wpcf7_posted_data_hash\" value=\"\" \/>\n<\/fieldset>\n<hr \/>\n<h3>Ciudad de M\u00e9xico<br \/>\n<a href=\"https:\/\/wa.me\/+525578993591\" data-wp-editing=\"1\"><strong><img loading=\"lazy\" decoding=\"async\" class=\"wp-image-7812 alignleft\" src=\"http:\/\/riken-magic.com\/espanol\/wp-content\/uploads\/sites\/3\/2023\/08\/whatsapp-logo.png\" alt=\"\" width=\"47\" height=\"47\" srcset=\"https:\/\/riken-magic.com\/espanol\/wp-content\/uploads\/sites\/3\/2023\/08\/whatsapp-logo.png 300w, https:\/\/riken-magic.com\/espanol\/wp-content\/uploads\/sites\/3\/2023\/08\/whatsapp-logo-150x150.png 150w\" sizes=\"auto, (max-width: 47px) 100vw, 47px\" \/> Pide informes<br \/>\npor WhatsApp<\/strong><\/a>\n<\/h3>\n<hr \/>\n<h3>\n<\/h3>\n<h3>Caja de contacto:\n<\/h3>\n<p>Su nombre (requerido)\n<\/p>\n<p><span class=\"wpcf7-form-control-wrap\" data-name=\"your-name\"><input size=\"40\" maxlength=\"400\" class=\"wpcf7-form-control wpcf7-text wpcf7-validates-as-required\" aria-required=\"true\" aria-invalid=\"false\" value=\"\" type=\"text\" name=\"your-name\" \/><\/span>\n<\/p>\n<p>Su e-mail (requerido)\n<\/p>\n<p><span class=\"wpcf7-form-control-wrap\" data-name=\"your-email\"><input size=\"40\" maxlength=\"400\" class=\"wpcf7-form-control wpcf7-email wpcf7-validates-as-required wpcf7-text wpcf7-validates-as-email\" aria-required=\"true\" aria-invalid=\"false\" value=\"\" type=\"email\" name=\"your-email\" \/><\/span>\n<\/p>\n<p>Asunto\n<\/p>\n<p><span class=\"wpcf7-form-control-wrap\" data-name=\"your-subject\"><input size=\"40\" maxlength=\"400\" class=\"wpcf7-form-control wpcf7-text\" aria-invalid=\"false\" value=\"\" type=\"text\" name=\"your-subject\" \/><\/span>\n<\/p>\n<p>Su mensaje\n<\/p>\n<p><span class=\"wpcf7-form-control-wrap\" data-name=\"your-message\"><textarea cols=\"40\" rows=\"10\" maxlength=\"2000\" class=\"wpcf7-form-control wpcf7-textarea\" aria-invalid=\"false\" name=\"your-message\"><\/textarea><\/span>\n<\/p>\n<p><input type=\"hidden\" name=\"_wpcf7_captcha_challenge_captcha-567\" value=\"3649545930\" \/><img loading=\"lazy\" decoding=\"async\" class=\"wpcf7-form-control wpcf7-captchac wpcf7-captcha-captcha-567\" width=\"72\" height=\"24\" alt=\"captcha\" src=\"https:\/\/riken-magic.com\/espanol\/wp-content\/uploads\/sites\/3\/wpcf7_captcha\/3649545930.png\" \/>\n<\/p>\n<p>Escriba los n\u00fameros de arriba\n<\/p>\n<p><span class=\"wpcf7-form-control-wrap\" data-name=\"captcha-567\"><input size=\"40\" class=\"wpcf7-form-control wpcf7-captchar\" autocomplete=\"off\" aria-invalid=\"false\" value=\"\" type=\"text\" name=\"captcha-567\" \/><\/span>\n<\/p>\n<p><input class=\"wpcf7-form-control wpcf7-submit has-spinner\" type=\"submit\" value=\"Enviar\" \/>\n<\/p><div class=\"wpcf7-response-output\" aria-hidden=\"true\"><\/div>\n<\/form>\n<\/div>\n\n<h6>Aunque estos precios son aplicables para la mayor\u00eda de los eventos los precios pueden variar seg\u00fan el evento, cantidad de personas y lugar donde se realice<\/h6>\n\n<!-- wp:themify-builder\/canvas \/--><!-- AddThis Advanced Settings generic via filter on the_content --><!-- AddThis Share Buttons generic via filter on the_content -->","protected":false},"excerpt":{"rendered":"<p>Sin importar si buscas un show para tu empresa en fin o inicio de a\u00f1o, un cumplea\u00f1os o cualquier otro motivo; Riken har\u00e1 de ese evento un momento memorable que tus invitados disfrutar\u00e1n al m\u00e1ximo Tus invitados quedar\u00e1n fascinados despu\u00e9s de presenciar cualquiera de estos paquetes [hr color=&#8221;red&#8221; width=&#8221;80%&#8221; border_width=&#8221;2&#8243; ] Paquete 1Stand-up Show \u2713\u00a0Duraci\u00f3n: [&hellip;]<!-- AddThis Advanced Settings generic via filter on get_the_excerpt --><!-- AddThis Share Buttons generic via filter on get_the_excerpt --><\/p>\n","protected":false},"author":1,"featured_media":0,"parent":0,"menu_order":0,"comment_status":"open","ping_status":"open","template":"","meta":{"content-type":"","_joinchat":[],"footnotes":""},"class_list":["post-6472","page","type-page","status-publish","hentry","wpautop","has-post-title","has-post-date","has-post-category","has-post-tag","has-post-comment","has-post-author",""],"builder_content":"","_links":{"self":[{"href":"https:\/\/riken-magic.com\/espanol\/wp-json\/wp\/v2\/pages\/6472","targetHints":{"allow":["GET"]}}],"collection":[{"href":"https:\/\/riken-magic.com\/espanol\/wp-json\/wp\/v2\/pages"}],"about":[{"href":"https:\/\/riken-magic.com\/espanol\/wp-json\/wp\/v2\/types\/page"}],"author":[{"embeddable":true,"href":"https:\/\/riken-magic.com\/espanol\/wp-json\/wp\/v2\/users\/1"}],"replies":[{"embeddable":true,"href":"https:\/\/riken-magic.com\/espanol\/wp-json\/wp\/v2\/comments?post=6472"}],"version-history":[{"count":9,"href":"https:\/\/riken-magic.com\/espanol\/wp-json\/wp\/v2\/pages\/6472\/revisions"}],"predecessor-version":[{"id":7910,"href":"https:\/\/riken-magic.com\/espanol\/wp-json\/wp\/v2\/pages\/6472\/revisions\/7910"}],"wp:attachment":[{"href":"https:\/\/riken-magic.com\/espanol\/wp-json\/wp\/v2\/media?parent=6472"}],"curies":[{"name":"wp","href":"https:\/\/api.w.org\/{rel}","templated":true}]}}